{"id":135,"date":"2014-02-13T20:39:15","date_gmt":"2014-02-13T20:39:15","guid":{"rendered":"http:\/\/matratzenreinigung-pfalz.de\/?page_id=135"},"modified":"2014-02-16T11:31:13","modified_gmt":"2014-02-16T11:31:13","slug":"agbs","status":"publish","type":"page","link":"http:\/\/matratzenreinigung-pfalz.de\/?page_id=135","title":{"rendered":"AGBs"},"content":{"rendered":"<p>Allgemeinen Gesch\u00e4ftsbedingungen Matratzenreinigungsbetrieb<\/p>\n<p>\u00a7 1 Geltungsbereich<br \/>\nDiese Allgemeinen Gesch\u00e4ftsbedingungen gelten ausschlie\u00dflich. Entgegenstehende oder<br \/>\nabweichende Bedingungen des vom Auftraggebers erkennt der Reinigungsbetrieb nicht an.<\/p>\n<p>\u00a7 2 Grundsatz<br \/>\nDie Matratzenreinigung wird sachgem\u00e4\u00df und schonend ausgef\u00fchrt.<\/p>\n<p>\u00a7 3 Haftungsausschluss<br \/>\nDer Reinigungsbetrieb ist nicht verantwortlich f\u00fcr Sch\u00e4den, die durch die Beschaffenheit des<br \/>\nReinigungsgutes verursacht und die nicht durch eine fachm\u00e4nnische Warenschau erkannt<br \/>\nwerden (z. B. Sch\u00e4den durch ungen\u00fcgende Festigkeit des Gewebes und der N\u00e4hte, ungen\u00fcgende Echtheit von F\u00e4rbungen und Drucken, Einlaufen, Impr\u00e4gnierungen, fr\u00fchere unsachgem\u00e4\u00dfe Behandlung, verborgene Fremdk\u00f6rper und andere verborgene M\u00e4ngel).<br \/>\nDasselbe gilt f\u00fcr Reinigungsgut, das nicht oder nur begrenzt reinigungsf\u00e4hig ist, soweit<br \/>\nes nicht entsprechend gekennzeichnet ist und\/oder dies durch fachm\u00e4nnische Warenschau<br \/>\nerkannt werden kann.<\/p>\n<p>\u00a7 4 Haftungsgrenze<br \/>\nF\u00fcr Bearbeitungssch\u00e4den erfolgt die Haftung nur bei Vorsatz oder grober<br \/>\nFahrl\u00e4ssigkeit in H\u00f6he des Zeitwertes.<\/p>\n<p>\u00a7 5 M\u00e4ngelr\u00fcge<br \/>\nM\u00e4ngel an der gereinigten Sache m\u00fcssen unmittelbar bei \u00dcbergabe schriftlich ger\u00fcgt werden.<br \/>\nSofern die M\u00e4ngel nicht bei \u00dcbergabe des Reinigungsgutes ger\u00fcgt werden, gilt die \u00fcbergebene<br \/>\nSache als m\u00e4ngelfrei. Bei gro\u00dfen Objekten erfolgt eine abschnittsweise \u00dcbergabe.<\/p>\n<p>\u00a7 6 Preise und Zahlung<br \/>\nEs gilt die jeweils aktuelle Preisliste des Reinigungsbetriebes bzw. die im Vertrag<br \/>\nvereinbarte Preisstellung. Die Zahlung ist sofort nach Rechnungslegung f\u00e4llig.<br \/>\nKommt der Auftraggeber in Zahlungsverzug, werden Verzugszinsen in H\u00f6he von 5%<br \/>\nper anno \u00fcber dem Basiszinssatz der Europ\u00e4ischen Zentralbank f\u00e4llig. Die Geltendmachung<br \/>\neines h\u00f6heren Verzugsschadens bleibt vorbehalten.<\/p>\n","protected":false},"excerpt":{"rendered":"<p>Allgemeinen Gesch\u00e4ftsbedingungen Matratzenreinigungsbetrieb \u00a7 1 Geltungsbereich Diese Allgemeinen Gesch\u00e4ftsbedingungen gelten ausschlie\u00dflich. Entgegenstehende oder abweichende Bedingungen des vom Auftraggebers erkennt der Reinigungsbetrieb nicht an. \u00a7 2 Grundsatz Die Matratzenreinigung wird sachgem\u00e4\u00df und schonend ausgef\u00fchrt. \u00a7 3 Haftungsausschluss Der Reinigungsbetrieb ist nicht &hellip; <a href=\"http:\/\/matratzenreinigung-pfalz.de\/?page_id=135\">Weiterlesen <span class=\"meta-nav\">&rarr;<\/span><\/a><\/p>\n","protected":false},"author":1,"featured_media":0,"parent":0,"menu_order":0,"comment_status":"closed","ping_status":"open","template":"","meta":[],"_links":{"self":[{"href":"http:\/\/matratzenreinigung-pfalz.de\/index.php?rest_route=\/wp\/v2\/pages\/135"}],"collection":[{"href":"http:\/\/matratzenreinigung-pfalz.de\/index.php?rest_route=\/wp\/v2\/pages"}],"about":[{"href":"http:\/\/matratzenreinigung-pfalz.de\/index.php?rest_route=\/wp\/v2\/types\/page"}],"author":[{"embeddable":true,"href":"http:\/\/matratzenreinigung-pfalz.de\/index.php?rest_route=\/wp\/v2\/users\/1"}],"replies":[{"embeddable":true,"href":"http:\/\/matratzenreinigung-pfalz.de\/index.php?rest_route=%2Fwp%2Fv2%2Fcomments&post=135"}],"version-history":[{"count":3,"href":"http:\/\/matratzenreinigung-pfalz.de\/index.php?rest_route=\/wp\/v2\/pages\/135\/revisions"}],"predecessor-version":[{"id":213,"href":"http:\/\/matratzenreinigung-pfalz.de\/index.php?rest_route=\/wp\/v2\/pages\/135\/revisions\/213"}],"wp:attachment":[{"href":"http:\/\/matratzenreinigung-pfalz.de\/index.php?rest_route=%2Fwp%2Fv2%2Fmedia&parent=135"}],"curies":[{"name":"wp","href":"https:\/\/api.w.org\/{rel}","templated":true}]}}