{"id":11,"date":"2014-01-31T20:00:10","date_gmt":"2014-01-31T20:00:10","guid":{"rendered":"http:\/\/matratzenreinigung-pfalz.de\/?page_id=11"},"modified":"2018-04-14T16:24:17","modified_gmt":"2018-04-14T16:24:17","slug":"ueber-uns","status":"publish","type":"page","link":"http:\/\/matratzenreinigung-pfalz.de\/?page_id=11","title":{"rendered":"Die chemiefreie Matratzenreinigung"},"content":{"rendered":"<div style=\"text-align: justify;line-height: 120%;\">Weil Matratzen nicht waschbar sind, arbeiten wir mit dem<\/div>\n<\/p>\n<div class=\"potemablue\">Original POTEMA\u00ae Matratzen-Reinigungs-System seit 1996<\/div>\n<\/p>\n<div class=\"potemared\" style=\"text-align: justify;\">Das Reinigungsverfahren ist<\/div>\n<div style=\"text-align: justify;\">\n<ul class=\"potema\">\n<li>unsch\u00e4dlich f\u00fcr Mensch und Umwelt<\/li>\n<li>materialunsch\u00e4dlich<\/li>\n<li>geeignet f\u00fcr alle Matratzen<\/li>\n<\/ul>\n<\/div>\n<p><\/br>Die Matratzenreinigung erfolgt direkt bei Ihnen vor Ort.<\/p>\n<div class=\"potemared\">Funktionsweise:<\/div>\n<ul class=\"potema\">\n<li>Die Matratzenreinigung erfolgt mit einem handlichen Ger\u00e4t<\/li>\n<li>Schmutz wird mittels hochfrequenten Schwingungen beidseitig gel\u00f6st und gr\u00fcndlich mit einem Spezialsauger abgesaugt<\/li>\n<li>Die Oberfl\u00e4chen werden mit einem PHILIPS UVC-Licht desinfiziert<\/li>\n<li>Das biologische POTEMA\u00ae MatratzenClean-Spray wird nach der Reinigung auf Ihre Matratze aufgetragen. Es wurde speziell f\u00fcr die Oberfl\u00e4chenbehandlung von Matratzen entwickelt und besteht aus leicht fl\u00fcchtigen Isoprophylalkoholen sowie Naturprodukten.<\/li>\n<\/ul>\n<p><\/br>Dabei werden auch Bakterien, Viren oder Sporen weitgehend unsch\u00e4dlich gemacht. Sozusagen als Draufgabe werden fallweise erstaunliche Mengen Staub entfernt, die auf Wunsch einem sofortigen Allergentest unterzogen werden k\u00f6nnen.<br \/>\nAuch in Hotels und Heimen aller Art \u2013 eine fachm\u00e4nnische Reinigung der Matratzen ist notwendig, wenn Sie auf Hygiene Wert legen.<br \/>\nDer Gast hat ein Recht auf Sauberkeit. Das gilt gerade f\u00fcr den Schlafbereich. <strong>Ihre G\u00e4ste wissen diesen Service zu sch\u00e4tzen!<\/strong><\/p>\n<p>Abschlie\u00dfend wird an der Matratze das gesetzlich gesch\u00fctzte POTEMA\u00ae Matratzen Pr\u00fcfsiegel angebracht. Es beinhaltet das Datum der n\u00e4chsten Reinigung und dient als Beleg einer fachgerechten Reinigung Ihrer Matratze\/n, mit einen zertifizierten POTEMA\u00ae Fachbetrieb.<\/p>\n<div class=\"potemared\">Wir garantieren damit:<\/div>\n<ul class=\"potema\">\n<li>Einhaltung der strengen POTEMA-Richtlinien<\/li>\n<li>P\u00fcnktliche, zuverl\u00e4ssige Ausf\u00fchrung<\/li>\n<li>Zertifikat f\u00fcr Ihre Werbung<\/li>\n<li>Matratzenpr\u00fcfsiegel<\/li>\n<li>Reinigungsprotokoll<\/li>\n<\/ul>\n<p><img loading=\"lazy\" src=\"http:\/\/matratzenreinigung-pfalz.de\/wp-content\/uploads\/2014\/01\/frau_matratze.jpg\" border=\"0\" alt=\"comic-01\" width=\"3436\" height=\"2480\" class=\"alignnone size-full wp-image-219\" \/><\/p>\n","protected":false},"excerpt":{"rendered":"<p>Weil Matratzen nicht waschbar sind, arbeiten wir mit dem Original POTEMA\u00ae Matratzen-Reinigungs-System seit 1996 Das Reinigungsverfahren ist unsch\u00e4dlich f\u00fcr Mensch und Umwelt materialunsch\u00e4dlich geeignet f\u00fcr alle Matratzen Die Matratzenreinigung erfolgt direkt bei Ihnen vor Ort. Funktionsweise: Die Matratzenreinigung erfolgt mit &hellip; <a href=\"http:\/\/matratzenreinigung-pfalz.de\/?page_id=11\">Weiterlesen <span class=\"meta-nav\">&rarr;<\/span><\/a><\/p>\n","protected":false},"author":1,"featured_media":0,"parent":0,"menu_order":0,"comment_status":"closed","ping_status":"closed","template":"","meta":[],"_links":{"self":[{"href":"http:\/\/matratzenreinigung-pfalz.de\/index.php?rest_route=\/wp\/v2\/pages\/11"}],"collection":[{"href":"http:\/\/matratzenreinigung-pfalz.de\/index.php?rest_route=\/wp\/v2\/pages"}],"about":[{"href":"http:\/\/matratzenreinigung-pfalz.de\/index.php?rest_route=\/wp\/v2\/types\/page"}],"author":[{"embeddable":true,"href":"http:\/\/matratzenreinigung-pfalz.de\/index.php?rest_route=\/wp\/v2\/users\/1"}],"replies":[{"embeddable":true,"href":"http:\/\/matratzenreinigung-pfalz.de\/index.php?rest_route=%2Fwp%2Fv2%2Fcomments&post=11"}],"version-history":[{"count":60,"href":"http:\/\/matratzenreinigung-pfalz.de\/index.php?rest_route=\/wp\/v2\/pages\/11\/revisions"}],"predecessor-version":[{"id":231,"href":"http:\/\/matratzenreinigung-pfalz.de\/index.php?rest_route=\/wp\/v2\/pages\/11\/revisions\/231"}],"wp:attachment":[{"href":"http:\/\/matratzenreinigung-pfalz.de\/index.php?rest_route=%2Fwp%2Fv2%2Fmedia&parent=11"}],"curies":[{"name":"wp","href":"https:\/\/api.w.org\/{rel}","templated":true}]}}